{"id":1704,"date":"2022-06-03T14:18:14","date_gmt":"2022-06-03T12:18:14","guid":{"rendered":"https:\/\/tartuh.ee\/tervist\/?page_id=1704"},"modified":"2025-05-21T13:24:40","modified_gmt":"2025-05-21T11:24:40","slug":"ajakirjast","status":"publish","type":"page","link":"https:\/\/tartuh.ee\/tervist\/ajakirjast\/","title":{"rendered":"Ajakirjast"},"content":{"rendered":"\n<h2 class=\"wp-block-heading\">Tartu Tervishoiu K\u00f5rgkooli ajakiri ja veebiportaal Tervist!<\/h2>\n\n\n\n<p>Tartu Tervishoiu K\u00f5rgkooli ajakiri Tervist! ilmub paberkandjal kaks korda aastas. J\u00e4rgmine ajakiri ilmub paberkandjal <strong>14.11.2025<\/strong>, lugude esitamise t\u00e4htaeg <strong>29.09.2025<\/strong> (saata artikkel aadressile <a href=\"mailto:jaanikaniinepuu@nooruse.ee\">jaanikaniinepuu@nooruse.ee<\/a>.<br><\/p>\n\n\n\n<p><strong>Toimetus<\/strong>se kuuluvad k\u00f5rgkooli tudengid, nimekiri t\u00e4ieneb.<\/p>\n\n\n\n<p><strong>Kolleegium<\/strong> on v\u00e4ljaande Tervist! n\u00f5uandev organ, annab tagasisidet, suunised ja n\u00f5u kajastavate teemade osas. Soovi korral kirjutavad kolleegiumi liikmed ka ise artikleid. Kolleegiumisse kuuluvad: Merle Varik, Janika Pael, Ermo Kruuse, Merlis Suits, Kalmer Marimaa, Anne Vahtram\u00e4e, Jaan Looga, Kersti S\u00f5gel, Silva-Sille Silgu, Krista Sta\u0161kevit\u0161, Eliise Ott ja Kristin Hamel. Kujunduse on teinud Artur Kuus, vastutav v\u00e4ljaandja Jaanika Niinepuu.<\/p>\n\n\n\n<figure class=\"wp-block-gallery has-nested-images columns-4 is-cropped wp-block-gallery-1 is-layout-flex wp-block-gallery-is-layout-flex\">\n<figure class=\"wp-block-image size-large\"><img loading=\"lazy\" decoding=\"async\" width=\"1024\" height=\"669\" data-id=\"1724\" src=\"https:\/\/tartuh.ee\/tervist\/wp-content\/uploads\/2022\/06\/267A1620-1024x669.jpg\" alt=\"\" class=\"wp-image-1724\" srcset=\"https:\/\/tartuh.ee\/tervist\/wp-content\/uploads\/2022\/06\/267A1620-1024x669.jpg 1024w, https:\/\/tartuh.ee\/tervist\/wp-content\/uploads\/2022\/06\/267A1620-300x196.jpg 300w, https:\/\/tartuh.ee\/tervist\/wp-content\/uploads\/2022\/06\/267A1620-768x502.jpg 768w, https:\/\/tartuh.ee\/tervist\/wp-content\/uploads\/2022\/06\/267A1620-1536x1003.jpg 1536w, https:\/\/tartuh.ee\/tervist\/wp-content\/uploads\/2022\/06\/267A1620-2048x1338.jpg 2048w\" sizes=\"auto, (max-width: 1024px) 100vw, 1024px\" \/><figcaption class=\"wp-element-caption\">MERLIS SUITS<\/figcaption><\/figure>\n\n\n\n<figure class=\"wp-block-image size-large\"><img loading=\"lazy\" decoding=\"async\" width=\"1024\" height=\"683\" data-id=\"1726\" src=\"https:\/\/tartuh.ee\/tervist\/wp-content\/uploads\/2022\/06\/267A1772-1024x683.jpg\" alt=\"\" class=\"wp-image-1726\" srcset=\"https:\/\/tartuh.ee\/tervist\/wp-content\/uploads\/2022\/06\/267A1772-1024x683.jpg 1024w, https:\/\/tartuh.ee\/tervist\/wp-content\/uploads\/2022\/06\/267A1772-300x200.jpg 300w, https:\/\/tartuh.ee\/tervist\/wp-content\/uploads\/2022\/06\/267A1772-768x512.jpg 768w, https:\/\/tartuh.ee\/tervist\/wp-content\/uploads\/2022\/06\/267A1772-1536x1024.jpg 1536w, https:\/\/tartuh.ee\/tervist\/wp-content\/uploads\/2022\/06\/267A1772-2048x1365.jpg 2048w\" sizes=\"auto, (max-width: 1024px) 100vw, 1024px\" \/><figcaption class=\"wp-element-caption\">ERMO KRUUSE<\/figcaption><\/figure>\n\n\n\n<figure class=\"wp-block-image size-large\"><img loading=\"lazy\" decoding=\"async\" width=\"1024\" height=\"683\" data-id=\"1727\" src=\"https:\/\/tartuh.ee\/tervist\/wp-content\/uploads\/2022\/06\/267A1821-1024x683.jpg\" alt=\"\" class=\"wp-image-1727\" srcset=\"https:\/\/tartuh.ee\/tervist\/wp-content\/uploads\/2022\/06\/267A1821-1024x683.jpg 1024w, https:\/\/tartuh.ee\/tervist\/wp-content\/uploads\/2022\/06\/267A1821-300x200.jpg 300w, https:\/\/tartuh.ee\/tervist\/wp-content\/uploads\/2022\/06\/267A1821-768x512.jpg 768w, https:\/\/tartuh.ee\/tervist\/wp-content\/uploads\/2022\/06\/267A1821-1536x1024.jpg 1536w, https:\/\/tartuh.ee\/tervist\/wp-content\/uploads\/2022\/06\/267A1821-2048x1365.jpg 2048w\" sizes=\"auto, (max-width: 1024px) 100vw, 1024px\" \/><figcaption class=\"wp-element-caption\">KRISTIN HAMEL<\/figcaption><\/figure>\n\n\n\n<figure class=\"wp-block-image size-large\"><img loading=\"lazy\" decoding=\"async\" width=\"1024\" height=\"682\" data-id=\"1730\" src=\"https:\/\/tartuh.ee\/tervist\/wp-content\/uploads\/2022\/06\/Anne-Vahtramae-5-1024x682.jpg\" alt=\"\" class=\"wp-image-1730\" srcset=\"https:\/\/tartuh.ee\/tervist\/wp-content\/uploads\/2022\/06\/Anne-Vahtramae-5-1024x682.jpg 1024w, https:\/\/tartuh.ee\/tervist\/wp-content\/uploads\/2022\/06\/Anne-Vahtramae-5-300x200.jpg 300w, https:\/\/tartuh.ee\/tervist\/wp-content\/uploads\/2022\/06\/Anne-Vahtramae-5-768x512.jpg 768w, https:\/\/tartuh.ee\/tervist\/wp-content\/uploads\/2022\/06\/Anne-Vahtramae-5-1536x1024.jpg 1536w, https:\/\/tartuh.ee\/tervist\/wp-content\/uploads\/2022\/06\/Anne-Vahtramae-5-2048x1365.jpg 2048w\" sizes=\"auto, (max-width: 1024px) 100vw, 1024px\" \/><figcaption class=\"wp-element-caption\">ANNE VAHTRAM\u00c4E<\/figcaption><\/figure>\n\n\n\n<figure class=\"wp-block-image size-large\"><img loading=\"lazy\" decoding=\"async\" width=\"1024\" height=\"669\" data-id=\"1725\" src=\"https:\/\/tartuh.ee\/tervist\/wp-content\/uploads\/2022\/06\/267A1702-1024x669.jpg\" alt=\"\" class=\"wp-image-1725\" srcset=\"https:\/\/tartuh.ee\/tervist\/wp-content\/uploads\/2022\/06\/267A1702-1024x669.jpg 1024w, https:\/\/tartuh.ee\/tervist\/wp-content\/uploads\/2022\/06\/267A1702-300x196.jpg 300w, https:\/\/tartuh.ee\/tervist\/wp-content\/uploads\/2022\/06\/267A1702-768x502.jpg 768w, https:\/\/tartuh.ee\/tervist\/wp-content\/uploads\/2022\/06\/267A1702-1536x1003.jpg 1536w, https:\/\/tartuh.ee\/tervist\/wp-content\/uploads\/2022\/06\/267A1702-2048x1338.jpg 2048w\" sizes=\"auto, (max-width: 1024px) 100vw, 1024px\" \/><figcaption class=\"wp-element-caption\">KERSTI S\u00d5GEL<\/figcaption><\/figure>\n\n\n\n<figure class=\"wp-block-image size-large\"><img loading=\"lazy\" decoding=\"async\" width=\"1024\" height=\"683\" data-id=\"1732\" src=\"https:\/\/tartuh.ee\/tervist\/wp-content\/uploads\/2022\/06\/Jaan-Looga-1-1-1024x683.jpg\" alt=\"\" class=\"wp-image-1732\" srcset=\"https:\/\/tartuh.ee\/tervist\/wp-content\/uploads\/2022\/06\/Jaan-Looga-1-1-1024x683.jpg 1024w, https:\/\/tartuh.ee\/tervist\/wp-content\/uploads\/2022\/06\/Jaan-Looga-1-1-300x200.jpg 300w, https:\/\/tartuh.ee\/tervist\/wp-content\/uploads\/2022\/06\/Jaan-Looga-1-1-768x512.jpg 768w, https:\/\/tartuh.ee\/tervist\/wp-content\/uploads\/2022\/06\/Jaan-Looga-1-1-1536x1024.jpg 1536w, https:\/\/tartuh.ee\/tervist\/wp-content\/uploads\/2022\/06\/Jaan-Looga-1-1-2048x1365.jpg 2048w\" sizes=\"auto, (max-width: 1024px) 100vw, 1024px\" \/><figcaption class=\"wp-element-caption\">JAAN LOOGA<\/figcaption><\/figure>\n\n\n\n<figure class=\"wp-block-image size-large\"><img loading=\"lazy\" decoding=\"async\" width=\"1024\" height=\"683\" data-id=\"1731\" src=\"https:\/\/tartuh.ee\/tervist\/wp-content\/uploads\/2022\/06\/DSC_3172-1024x683.jpg\" alt=\"\" class=\"wp-image-1731\" srcset=\"https:\/\/tartuh.ee\/tervist\/wp-content\/uploads\/2022\/06\/DSC_3172-1024x683.jpg 1024w, https:\/\/tartuh.ee\/tervist\/wp-content\/uploads\/2022\/06\/DSC_3172-300x200.jpg 300w, https:\/\/tartuh.ee\/tervist\/wp-content\/uploads\/2022\/06\/DSC_3172-768x512.jpg 768w, https:\/\/tartuh.ee\/tervist\/wp-content\/uploads\/2022\/06\/DSC_3172.jpg 1200w\" sizes=\"auto, (max-width: 1024px) 100vw, 1024px\" \/><figcaption class=\"wp-element-caption\">KALMER MARIMAA<\/figcaption><\/figure>\n\n\n\n<figure class=\"wp-block-image size-large\"><img loading=\"lazy\" decoding=\"async\" width=\"1024\" height=\"683\" data-id=\"1733\" src=\"https:\/\/tartuh.ee\/tervist\/wp-content\/uploads\/2022\/06\/Janika-Pael-1-1-1024x683.jpg\" alt=\"\" class=\"wp-image-1733\" srcset=\"https:\/\/tartuh.ee\/tervist\/wp-content\/uploads\/2022\/06\/Janika-Pael-1-1-1024x683.jpg 1024w, https:\/\/tartuh.ee\/tervist\/wp-content\/uploads\/2022\/06\/Janika-Pael-1-1-300x200.jpg 300w, https:\/\/tartuh.ee\/tervist\/wp-content\/uploads\/2022\/06\/Janika-Pael-1-1-768x512.jpg 768w, https:\/\/tartuh.ee\/tervist\/wp-content\/uploads\/2022\/06\/Janika-Pael-1-1-1536x1024.jpg 1536w, https:\/\/tartuh.ee\/tervist\/wp-content\/uploads\/2022\/06\/Janika-Pael-1-1-2048x1366.jpg 2048w\" sizes=\"auto, (max-width: 1024px) 100vw, 1024px\" \/><figcaption class=\"wp-element-caption\">JANIKA PAEL<\/figcaption><\/figure>\n\n\n\n<figure class=\"wp-block-image size-large\"><img loading=\"lazy\" decoding=\"async\" width=\"1024\" height=\"683\" data-id=\"2078\" src=\"https:\/\/tartuh.ee\/tervist\/wp-content\/uploads\/2023\/09\/267A9108-1024x683.jpg\" alt=\"\" class=\"wp-image-2078\" srcset=\"https:\/\/tartuh.ee\/tervist\/wp-content\/uploads\/2023\/09\/267A9108-1024x683.jpg 1024w, https:\/\/tartuh.ee\/tervist\/wp-content\/uploads\/2023\/09\/267A9108-300x200.jpg 300w, https:\/\/tartuh.ee\/tervist\/wp-content\/uploads\/2023\/09\/267A9108-768x512.jpg 768w, https:\/\/tartuh.ee\/tervist\/wp-content\/uploads\/2023\/09\/267A9108-1536x1024.jpg 1536w, https:\/\/tartuh.ee\/tervist\/wp-content\/uploads\/2023\/09\/267A9108-2048x1365.jpg 2048w\" sizes=\"auto, (max-width: 1024px) 100vw, 1024px\" \/><figcaption class=\"wp-element-caption\">SILVA-SILLE SILGU<\/figcaption><\/figure>\n\n\n\n<figure class=\"wp-block-image size-large\"><img loading=\"lazy\" decoding=\"async\" width=\"1024\" height=\"683\" data-id=\"1729\" src=\"https:\/\/tartuh.ee\/tervist\/wp-content\/uploads\/2022\/06\/267A2037-1024x683.jpg\" alt=\"\" class=\"wp-image-1729\" srcset=\"https:\/\/tartuh.ee\/tervist\/wp-content\/uploads\/2022\/06\/267A2037-1024x683.jpg 1024w, https:\/\/tartuh.ee\/tervist\/wp-content\/uploads\/2022\/06\/267A2037-300x200.jpg 300w, https:\/\/tartuh.ee\/tervist\/wp-content\/uploads\/2022\/06\/267A2037-768x512.jpg 768w, https:\/\/tartuh.ee\/tervist\/wp-content\/uploads\/2022\/06\/267A2037-1536x1024.jpg 1536w, https:\/\/tartuh.ee\/tervist\/wp-content\/uploads\/2022\/06\/267A2037-2048x1365.jpg 2048w\" sizes=\"auto, (max-width: 1024px) 100vw, 1024px\" \/><figcaption class=\"wp-element-caption\">MERLE VARIK<\/figcaption><\/figure>\n\n\n\n<figure class=\"wp-block-image size-large\"><img loading=\"lazy\" decoding=\"async\" width=\"1024\" height=\"683\" data-id=\"2079\" src=\"https:\/\/tartuh.ee\/tervist\/wp-content\/uploads\/2023\/09\/267A9573-1024x683.jpg\" alt=\"\" class=\"wp-image-2079\" srcset=\"https:\/\/tartuh.ee\/tervist\/wp-content\/uploads\/2023\/09\/267A9573-1024x683.jpg 1024w, https:\/\/tartuh.ee\/tervist\/wp-content\/uploads\/2023\/09\/267A9573-300x200.jpg 300w, https:\/\/tartuh.ee\/tervist\/wp-content\/uploads\/2023\/09\/267A9573-768x512.jpg 768w, https:\/\/tartuh.ee\/tervist\/wp-content\/uploads\/2023\/09\/267A9573-1536x1024.jpg 1536w, https:\/\/tartuh.ee\/tervist\/wp-content\/uploads\/2023\/09\/267A9573-2048x1365.jpg 2048w\" sizes=\"auto, (max-width: 1024px) 100vw, 1024px\" \/><figcaption class=\"wp-element-caption\">KRISTA STA\u0160KEVIT\u0160<\/figcaption><\/figure>\n\n\n\n<figure class=\"wp-block-image size-large\"><img loading=\"lazy\" decoding=\"async\" width=\"1024\" height=\"634\" data-id=\"3190\" src=\"https:\/\/tartuh.ee\/tervist\/wp-content\/uploads\/2025\/05\/IMG_2418-PS-BA1-1024x634.jpg\" alt=\"\" class=\"wp-image-3190\" srcset=\"https:\/\/tartuh.ee\/tervist\/wp-content\/uploads\/2025\/05\/IMG_2418-PS-BA1-1024x634.jpg 1024w, https:\/\/tartuh.ee\/tervist\/wp-content\/uploads\/2025\/05\/IMG_2418-PS-BA1-300x186.jpg 300w, https:\/\/tartuh.ee\/tervist\/wp-content\/uploads\/2025\/05\/IMG_2418-PS-BA1-768x475.jpg 768w, https:\/\/tartuh.ee\/tervist\/wp-content\/uploads\/2025\/05\/IMG_2418-PS-BA1-1536x951.jpg 1536w, https:\/\/tartuh.ee\/tervist\/wp-content\/uploads\/2025\/05\/IMG_2418-PS-BA1-2048x1268.jpg 2048w\" sizes=\"auto, (max-width: 1024px) 100vw, 1024px\" \/><figcaption class=\"wp-element-caption\">ELIISE OTT<\/figcaption><\/figure>\n\n\n\n<figure class=\"wp-block-image size-large\"><img loading=\"lazy\" decoding=\"async\" width=\"1024\" height=\"669\" data-id=\"1746\" src=\"https:\/\/tartuh.ee\/tervist\/wp-content\/uploads\/2022\/06\/267A1907-1-1024x669.jpg\" alt=\"\" class=\"wp-image-1746\" srcset=\"https:\/\/tartuh.ee\/tervist\/wp-content\/uploads\/2022\/06\/267A1907-1-1024x669.jpg 1024w, https:\/\/tartuh.ee\/tervist\/wp-content\/uploads\/2022\/06\/267A1907-1-300x196.jpg 300w, https:\/\/tartuh.ee\/tervist\/wp-content\/uploads\/2022\/06\/267A1907-1-768x502.jpg 768w, https:\/\/tartuh.ee\/tervist\/wp-content\/uploads\/2022\/06\/267A1907-1-1536x1003.jpg 1536w, https:\/\/tartuh.ee\/tervist\/wp-content\/uploads\/2022\/06\/267A1907-1-2048x1338.jpg 2048w\" sizes=\"auto, (max-width: 1024px) 100vw, 1024px\" \/><figcaption class=\"wp-element-caption\">JAANIKA NIINEPUU<\/figcaption><\/figure>\n\n\n\n<figure class=\"wp-block-image size-large\"><img loading=\"lazy\" decoding=\"async\" width=\"1024\" height=\"669\" data-id=\"1745\" src=\"https:\/\/tartuh.ee\/tervist\/wp-content\/uploads\/2022\/06\/tuur-1-1024x669.jpg\" alt=\"\" class=\"wp-image-1745\" srcset=\"https:\/\/tartuh.ee\/tervist\/wp-content\/uploads\/2022\/06\/tuur-1-1024x669.jpg 1024w, https:\/\/tartuh.ee\/tervist\/wp-content\/uploads\/2022\/06\/tuur-1-300x196.jpg 300w, https:\/\/tartuh.ee\/tervist\/wp-content\/uploads\/2022\/06\/tuur-1-768x502.jpg 768w, https:\/\/tartuh.ee\/tervist\/wp-content\/uploads\/2022\/06\/tuur-1-1536x1003.jpg 1536w, https:\/\/tartuh.ee\/tervist\/wp-content\/uploads\/2022\/06\/tuur-1-2048x1338.jpg 2048w\" sizes=\"auto, (max-width: 1024px) 100vw, 1024px\" \/><figcaption class=\"wp-element-caption\">ARTUR KUUS<\/figcaption><\/figure>\n<\/figure>\n\n\n\n<div class=\"wp-block-columns is-layout-flex wp-container-core-columns-is-layout-9d6595d7 wp-block-columns-is-layout-flex\">\n<div class=\"wp-block-column is-layout-flow wp-block-column-is-layout-flow\"><\/div>\n<\/div>\n\n\n\n<p><\/p>\n\n\n\n<p>Veebiajakirja Tervist! esimene number ilmus 2013. aasta novembris. Paberkandjal ilmununud varasemate ajakirjadega saab tutvuda <a href=\"https:\/\/tartuh.ee\/tervist\/arhiiv\/\">arhiivis<\/a>.<\/p>\n","protected":false},"excerpt":{"rendered":"<p>Tartu Tervishoiu K\u00f5rgkooli ajakiri ja veebiportaal Tervist! Tartu Tervishoiu K\u00f5rgkooli ajakiri Tervist! ilmub paberkandjal kaks korda aastas. J\u00e4rgmine ajakiri ilmub paberkandjal 14.11.2025, lugude esitamise t\u00e4htaeg 29.09.2025 (saata artikkel aadressile jaanikaniinepuu@nooruse.ee. Toimetusse kuuluvad k\u00f5rgkooli tudengid, nimekiri t\u00e4ieneb. Kolleegium on v\u00e4ljaande Tervist! n\u00f5uandev organ, annab tagasisidet, suunised ja n\u00f5u kajastavate teemade osas. Soovi korral kirjutavad kolleegiumi liikmed [&hellip;]<\/p>\n","protected":false},"author":2,"featured_media":0,"parent":0,"menu_order":0,"comment_status":"closed","ping_status":"closed","template":"","meta":{"footnotes":""},"class_list":["post-1704","page","type-page","status-publish","hentry","wpautop"],"_links":{"self":[{"href":"https:\/\/tartuh.ee\/tervist\/wp-json\/wp\/v2\/pages\/1704","targetHints":{"allow":["GET"]}}],"collection":[{"href":"https:\/\/tartuh.ee\/tervist\/wp-json\/wp\/v2\/pages"}],"about":[{"href":"https:\/\/tartuh.ee\/tervist\/wp-json\/wp\/v2\/types\/page"}],"author":[{"embeddable":true,"href":"https:\/\/tartuh.ee\/tervist\/wp-json\/wp\/v2\/users\/2"}],"replies":[{"embeddable":true,"href":"https:\/\/tartuh.ee\/tervist\/wp-json\/wp\/v2\/comments?post=1704"}],"version-history":[{"count":21,"href":"https:\/\/tartuh.ee\/tervist\/wp-json\/wp\/v2\/pages\/1704\/revisions"}],"predecessor-version":[{"id":3193,"href":"https:\/\/tartuh.ee\/tervist\/wp-json\/wp\/v2\/pages\/1704\/revisions\/3193"}],"wp:attachment":[{"href":"https:\/\/tartuh.ee\/tervist\/wp-json\/wp\/v2\/media?parent=1704"}],"curies":[{"name":"wp","href":"https:\/\/api.w.org\/{rel}","templated":true}]}}